{"id":24,"date":"2021-05-12T20:31:18","date_gmt":"2021-05-12T17:31:18","guid":{"rendered":"http:\/\/suppaku.fi\/?page_id=24"},"modified":"2024-07-04T21:35:36","modified_gmt":"2024-07-04T18:35:36","slug":"ajankohtaista","status":"publish","type":"page","link":"https:\/\/suppaku.fi\/?page_id=24","title":{"rendered":"Ajankohtaista"},"content":{"rendered":"\n<figure class=\"wp-block-gallery has-nested-images columns-default is-cropped wp-block-gallery-1 is-layout-flex\">\n<figure class=\"wp-block-image size-large\"><img decoding=\"async\" loading=\"lazy\" width=\"683\" height=\"1024\" data-id=\"98\"  src=\"https:\/\/suppaku.fi\/wp-content\/uploads\/2023\/08\/Uittamon-kuntosali-55-of-132-1-683x1024.jpg\" alt=\"\" class=\"wp-image-98\" srcset=\"https:\/\/suppaku.fi\/wp-content\/uploads\/2023\/08\/Uittamon-kuntosali-55-of-132-1-683x1024.jpg 683w, https:\/\/suppaku.fi\/wp-content\/uploads\/2023\/08\/Uittamon-kuntosali-55-of-132-1-200x300.jpg 200w, https:\/\/suppaku.fi\/wp-content\/uploads\/2023\/08\/Uittamon-kuntosali-55-of-132-1-768x1152.jpg 768w, https:\/\/suppaku.fi\/wp-content\/uploads\/2023\/08\/Uittamon-kuntosali-55-of-132-1-1024x1536.jpg 1024w, https:\/\/suppaku.fi\/wp-content\/uploads\/2023\/08\/Uittamon-kuntosali-55-of-132-1.jpg 1365w\" sizes=\"(max-width: 683px) 100vw, 683px\" \/><\/figure>\n<\/figure>\n\n\n\n<p>Vuokraa j\u00e4ttilauta ja suppaile yhdess\u00e4 kavereiden tai perheen kanssa! J\u00e4ttilaudan vuokraus 60 \u20ac \/ vuorokausi.<\/p>\n","protected":false},"excerpt":{"rendered":"<p>Vuokraa j\u00e4ttilauta ja suppaile yhdess\u00e4 kavereiden tai perheen kanssa! J\u00e4ttilaudan vuokraus 60 \u20ac \/ vuorokausi.<\/p>\n","protected":false},"author":1,"featured_media":0,"parent":0,"menu_order":0,"comment_status":"closed","ping_status":"closed","template":"","meta":[],"_links":{"self":[{"href":"https:\/\/suppaku.fi\/index.php?rest_route=\/wp\/v2\/pages\/24"}],"collection":[{"href":"https:\/\/suppaku.fi\/index.php?rest_route=\/wp\/v2\/pages"}],"about":[{"href":"https:\/\/suppaku.fi\/index.php?rest_route=\/wp\/v2\/types\/page"}],"author":[{"embeddable":true,"href":"https:\/\/suppaku.fi\/index.php?rest_route=\/wp\/v2\/users\/1"}],"replies":[{"embeddable":true,"href":"https:\/\/suppaku.fi\/index.php?rest_route=%2Fwp%2Fv2%2Fcomments&post=24"}],"version-history":[{"count":15,"href":"https:\/\/suppaku.fi\/index.php?rest_route=\/wp\/v2\/pages\/24\/revisions"}],"predecessor-version":[{"id":107,"href":"https:\/\/suppaku.fi\/index.php?rest_route=\/wp\/v2\/pages\/24\/revisions\/107"}],"wp:attachment":[{"href":"https:\/\/suppaku.fi\/index.php?rest_route=%2Fwp%2Fv2%2Fmedia&parent=24"}],"curies":[{"name":"wp","href":"https:\/\/api.w.org\/{rel}","templated":true}]}}